{"id":1757,"date":"2020-07-23T16:55:00","date_gmt":"2020-07-23T14:55:00","guid":{"rendered":"https:\/\/tepsis.io\/?page_id=1757"},"modified":"2023-01-03T12:55:05","modified_gmt":"2023-01-03T11:55:05","slug":"politika","status":"publish","type":"page","link":"http:\/\/tepsis.io\/?page_id=1757","title":{"rendered":"Politika"},"content":{"rendered":"\n<p><\/p>\n\n\n\n<div class=\"wp-block-image is-style-default\"><figure class=\"aligncenter size-large is-resized\"><a href=\"https:\/\/politika.io\/\"><img decoding=\"async\" loading=\"lazy\" src=\"https:\/\/tepsis.io\/wp-content\/uploads\/2020\/07\/Politika.io_Transparent_Blanc.png\" alt=\"\" class=\"wp-image-1760\" width=\"441\" height=\"70\"\/><\/a><figcaption>Pour acc\u00e9der au site, <a href=\"https:\/\/politika.io\/\" target=\"_blank\" rel=\"noreferrer noopener\">cliquez ici<\/a><\/figcaption><\/figure><\/div>\n\n\n\n<p>Con\u00e7u comme une vitrine des sciences sociales du politique telles qu\u2019elles se pratiquent au sein des laboratoires r\u00e9unis dans Tepsis,&nbsp;Politika, projet phare du LabEx, est une plateforme \u00e9volutive, bilingue et en libre acc\u00e8s.<\/p>\n\n\n\n<p>Politika a pour objectifs de :<\/p>\n\n\n\n<ul><li>Montrer la pluralit\u00e9 des approches et des m\u00e9thodes mobilis\u00e9es par les chercheurs et les laboratoires membres de Tepsis ;<\/li><li>D\u00e9senclaver la recherche sur le politique en encourageant le dialogue entre les disciplines et entre les aires culturelles ;<\/li><li>Offrir un espace d\u2019\u00e9change et d\u2019exp\u00e9rimentation aux chercheurs ;<\/li><li>Promouvoir leurs travaux \u00e0 l\u2019international<\/li><\/ul>\n\n\n\n<p>Donnant la parole aux chercheurs et accueillant des productions in\u00e9dites, des plus abouties aux plus exp\u00e9rimentales,&nbsp;<em><u><a href=\"https:\/\/politika.io\/\" target=\"_blank\" rel=\"noreferrer noopener\">Politika.io<\/a><\/u><\/em><u> <\/u>est un outil majeur de production, de diffusion et de valorisation des sciences sociales du politique.<\/p>\n\n\n\n<p class=\"has-text-align-center\">Suivez-nous sur les r\u00e9seaux sociaux et sur <a href=\"https:\/\/hal.science\/POLITIKA\" target=\"_blank\" rel=\"noreferrer noopener\">HAL<\/a> ! \u00a0<\/p>\n\n\n\n<ul class=\"wp-block-social-links aligncenter is-layout-flex wp-block-social-links-is-layout-flex\"><li class=\"wp-social-link wp-social-link-facebook  wp-block-social-link\"><a href=\"https:\/\/www.facebook.com\/Politika.io\" class=\"wp-block-social-link-anchor\"><svg width=\"24\" height=\"24\" viewBox=\"0 0 24 24\" version=\"1.1\" xmlns=\"http:\/\/www.w3.org\/2000\/svg\" aria-hidden=\"true\" focusable=\"false\"><path d=\"M12 2C6.5 2 2 6.5 2 12c0 5 3.7 9.1 8.4 9.9v-7H7.9V12h2.5V9.8c0-2.5 1.5-3.9 3.8-3.9 1.1 0 2.2.2 2.2.2v2.5h-1.3c-1.2 0-1.6.8-1.6 1.6V12h2.8l-.4 2.9h-2.3v7C18.3 21.1 22 17 22 12c0-5.5-4.5-10-10-10z\"><\/path><\/svg><span class=\"wp-block-social-link-label screen-reader-text\">Facebook<\/span><\/a><\/li>\n\n<li class=\"wp-social-link wp-social-link-twitter  wp-block-social-link\"><a href=\"https:\/\/twitter.com\/Politika_web\" class=\"wp-block-social-link-anchor\"><svg width=\"24\" height=\"24\" viewBox=\"0 0 24 24\" version=\"1.1\" xmlns=\"http:\/\/www.w3.org\/2000\/svg\" aria-hidden=\"true\" focusable=\"false\"><path d=\"M22.23,5.924c-0.736,0.326-1.527,0.547-2.357,0.646c0.847-0.508,1.498-1.312,1.804-2.27 c-0.793,0.47-1.671,0.812-2.606,0.996C18.324,4.498,17.257,4,16.077,4c-2.266,0-4.103,1.837-4.103,4.103 c0,0.322,0.036,0.635,0.106,0.935C8.67,8.867,5.647,7.234,3.623,4.751C3.27,5.357,3.067,6.062,3.067,6.814 c0,1.424,0.724,2.679,1.825,3.415c-0.673-0.021-1.305-0.206-1.859-0.513c0,0.017,0,0.034,0,0.052c0,1.988,1.414,3.647,3.292,4.023 c-0.344,0.094-0.707,0.144-1.081,0.144c-0.264,0-0.521-0.026-0.772-0.074c0.522,1.63,2.038,2.816,3.833,2.85 c-1.404,1.1-3.174,1.756-5.096,1.756c-0.331,0-0.658-0.019-0.979-0.057c1.816,1.164,3.973,1.843,6.29,1.843 c7.547,0,11.675-6.252,11.675-11.675c0-0.178-0.004-0.355-0.012-0.531C20.985,7.47,21.68,6.747,22.23,5.924z\"><\/path><\/svg><span class=\"wp-block-social-link-label screen-reader-text\">Twitter<\/span><\/a><\/li>\n\n<li class=\"wp-social-link wp-social-link-youtube  wp-block-social-link\"><a href=\"https:\/\/www.youtube.com\/channel\/UCwId16opk6POxIbUR49j5Cw\" class=\"wp-block-social-link-anchor\"><svg width=\"24\" height=\"24\" viewBox=\"0 0 24 24\" version=\"1.1\" xmlns=\"http:\/\/www.w3.org\/2000\/svg\" aria-hidden=\"true\" focusable=\"false\"><path d=\"M21.8,8.001c0,0-0.195-1.378-0.795-1.985c-0.76-0.797-1.613-0.801-2.004-0.847c-2.799-0.202-6.997-0.202-6.997-0.202 h-0.009c0,0-4.198,0-6.997,0.202C4.608,5.216,3.756,5.22,2.995,6.016C2.395,6.623,2.2,8.001,2.2,8.001S2,9.62,2,11.238v1.517 c0,1.618,0.2,3.237,0.2,3.237s0.195,1.378,0.795,1.985c0.761,0.797,1.76,0.771,2.205,0.855c1.6,0.153,6.8,0.201,6.8,0.201 s4.203-0.006,7.001-0.209c0.391-0.047,1.243-0.051,2.004-0.847c0.6-0.607,0.795-1.985,0.795-1.985s0.2-1.618,0.2-3.237v-1.517 C22,9.62,21.8,8.001,21.8,8.001z M9.935,14.594l-0.001-5.62l5.404,2.82L9.935,14.594z\"><\/path><\/svg><span class=\"wp-block-social-link-label screen-reader-text\">YouTube<\/span><\/a><\/li>\n\n<li class=\"wp-social-link wp-social-link-mail  wp-block-social-link\"><a href=\"mailto:politika@ehess.fr\" class=\"wp-block-social-link-anchor\"><svg width=\"24\" height=\"24\" viewBox=\"0 0 24 24\" version=\"1.1\" xmlns=\"http:\/\/www.w3.org\/2000\/svg\" aria-hidden=\"true\" focusable=\"false\"><path d=\"M19,5H5c-1.1,0-2,.9-2,2v10c0,1.1.9,2,2,2h14c1.1,0,2-.9,2-2V7c0-1.1-.9-2-2-2zm.5,12c0,.3-.2.5-.5.5H5c-.3,0-.5-.2-.5-.5V9.8l7.5,5.6,7.5-5.6V17zm0-9.1L12,13.6,4.5,7.9V7c0-.3.2-.5.5-.5h14c.3,0,.5.2.5.5v.9z\"><\/path><\/svg><span class=\"wp-block-social-link-label screen-reader-text\">Mail<\/span><\/a><\/li>\n\n<li class=\"wp-social-link wp-social-link-chain  wp-block-social-link\"><a href=\"https:\/\/politika.io\/\" class=\"wp-block-social-link-anchor\"><svg width=\"24\" height=\"24\" viewBox=\"0 0 24 24\" version=\"1.1\" xmlns=\"http:\/\/www.w3.org\/2000\/svg\" aria-hidden=\"true\" focusable=\"false\"><path d=\"M15.6,7.2H14v1.5h1.6c2,0,3.7,1.7,3.7,3.7s-1.7,3.7-3.7,3.7H14v1.5h1.6c2.8,0,5.2-2.3,5.2-5.2,0-2.9-2.3-5.2-5.2-5.2zM4.7,12.4c0-2,1.7-3.7,3.7-3.7H10V7.2H8.4c-2.9,0-5.2,2.3-5.2,5.2,0,2.9,2.3,5.2,5.2,5.2H10v-1.5H8.4c-2,0-3.7-1.7-3.7-3.7zm4.6.9h5.3v-1.5H9.3v1.5z\"><\/path><\/svg><span class=\"wp-block-social-link-label screen-reader-text\">Link<\/span><\/a><\/li><\/ul>\n\n\n\n<p><\/p>\n","protected":false},"excerpt":{"rendered":"<p>Con\u00e7u comme une vitrine des sciences sociales du politique telles qu\u2019elles se pratiquent au sein des laboratoires r\u00e9unis dans Tepsis,&nbsp;Politika, projet phare du LabEx, est une plateforme \u00e9volutive, bilingue et en libre acc\u00e8s. Politika a pour objectifs de : Montrer la pluralit\u00e9 des approches et des m\u00e9thodes mobilis\u00e9es par les chercheurs et les laboratoires membres [&hellip;]<\/p>\n","protected":false},"author":1,"featured_media":1763,"parent":0,"menu_order":0,"comment_status":"closed","ping_status":"closed","template":"templates\/template-full-width.php","meta":{"footnotes":""},"_links":{"self":[{"href":"http:\/\/tepsis.io\/index.php?rest_route=\/wp\/v2\/pages\/1757"}],"collection":[{"href":"http:\/\/tepsis.io\/index.php?rest_route=\/wp\/v2\/pages"}],"about":[{"href":"http:\/\/tepsis.io\/index.php?rest_route=\/wp\/v2\/types\/page"}],"author":[{"embeddable":true,"href":"http:\/\/tepsis.io\/index.php?rest_route=\/wp\/v2\/users\/1"}],"replies":[{"embeddable":true,"href":"http:\/\/tepsis.io\/index.php?rest_route=%2Fwp%2Fv2%2Fcomments&post=1757"}],"version-history":[{"count":10,"href":"http:\/\/tepsis.io\/index.php?rest_route=\/wp\/v2\/pages\/1757\/revisions"}],"predecessor-version":[{"id":2580,"href":"http:\/\/tepsis.io\/index.php?rest_route=\/wp\/v2\/pages\/1757\/revisions\/2580"}],"wp:featuredmedia":[{"embeddable":true,"href":"http:\/\/tepsis.io\/index.php?rest_route=\/wp\/v2\/media\/1763"}],"wp:attachment":[{"href":"http:\/\/tepsis.io\/index.php?rest_route=%2Fwp%2Fv2%2Fmedia&parent=1757"}],"curies":[{"name":"wp","href":"https:\/\/api.w.org\/{rel}","templated":true}]}}