{"id":1770,"date":"2020-07-24T10:21:22","date_gmt":"2020-07-24T08:21:22","guid":{"rendered":"https:\/\/tepsis.io\/?page_id=1770"},"modified":"2020-09-23T12:10:55","modified_gmt":"2020-09-23T10:10:55","slug":"formation-recherche","status":"publish","type":"page","link":"http:\/\/tepsis.io\/?page_id=1770","title":{"rendered":"Formation &#038; Recherche"},"content":{"rendered":"\n<p>Le parcours doctoral TEPSIS a \u00e9t\u00e9 con\u00e7u d\u00e8s l\u2019origine comme une exp\u00e9rimentation visant \u00e0 compl\u00e9ter les formations doctorales d\u00e9livr\u00e9es par les ED de Sciences sociales de l\u2019<a rel=\"noreferrer noopener\" href=\"https:\/\/www.ehess.fr\/fr\" target=\"_blank\">EHESS<\/a> et de science politique de <a rel=\"noreferrer noopener\" href=\"http:\/\/www.univ-paris1.fr\/\" target=\"_blank\">Paris 1-Panth\u00e9on Sorbonne<\/a> par la mise en place de dispositifs innovants s\u2019articulant \u00e9troitement aux formations existantes mais destin\u00e9s \u00e0 consid\u00e9rablement accro\u00eetre :<\/p>\n\n\n\n<ol type=\"1\"><li>L\u2019internationalisation : mobilit\u00e9s universitaires internationales, modules de formation en anglais acad\u00e9mique, financement de s\u00e9jours longs sur des terrains \u00e9loign\u00e9s ;<\/li><li>La reconnaissance scientifique pr\u00e9coce des travaux produits durant le doctorat : aides \u00e0 la publication, r\u00e9alisation de posters, soutien scientifique et financier \u00e0 la participation aux manifestations scientifiques internationales, participation aux manifestations grand public du LabEx, et enfin participation \u00e0 la r\u00e9alisation de la plateforme Politika.<\/li><\/ol>\n\n\n\n<p>Destin\u00e9 \u00e0 l\u2019origine aux seuls doctorants b\u00e9n\u00e9ficiant, sur concours, d\u2019un contrat doctoral financ\u00e9 par le LabEx TEPSIS (le <a href=\"https:\/\/tepsis.io\/formation-recherche\/parcours-dexcellence\/\">Parcours d&rsquo;excellence<\/a>), la possibilit\u00e9 d\u2019int\u00e9grer le parcours TEPSIS et donc de b\u00e9n\u00e9ficier de la plupart des dispositifs innovants a \u00e9t\u00e9 \u00e9largi \u00e0 l\u2019ensemble des doctorants entrant dans le p\u00e9rim\u00e8tre scientifique du LabEx et rattach\u00e9s \u00e0 une UMR du LabEx, sur proposition de leur directeur de recherche (membre de Tepsis) et apr\u00e8s un vote favorable du comit\u00e9 de direction de Tepsis. Il est donc d\u00e9sormais possible pour un doctorants s&rsquo;inscrivant dans le p\u00e9rim\u00e8tre du LabEx de b\u00e9n\u00e9ficier d&rsquo;<a href=\"https:\/\/tepsis.io\/formation-recherche\/aide-aux-mobilites\/\">aides \u00e0 la mobilit\u00e9<\/a>, d&rsquo;<a href=\"https:\/\/tepsis.io\/formation-recherche\/aides-aux-terrains\/\">aides aux terrains<\/a>, de <a href=\"https:\/\/tepsis.io\/formation-recherche\/fonds-de-prefiguration\/\">fonds de pr\u00e9figuration<\/a>, ou de monter des <a href=\"https:\/\/tepsis.io\/formation-recherche\/programmes-recurrents-pour-la-formation-doctorale-internationale\/\">Programmes r\u00e9currents pour la formation doctorale internationale<\/a>. <\/p>\n\n\n\n<div class=\"wp-block-image\"><figure class=\"aligncenter size-large is-resized\"><a href=\"https:\/\/www.google.com\/maps\/d\/u\/0\/viewer?hl=fr&amp;mid=175LdOAhYHfTrHq_BkWxdCRitN4k&amp;ll=-3.81666561775622e-14%2C21.67264650000004&amp;z=2\"><img decoding=\"async\" loading=\"lazy\" src=\"https:\/\/tepsis.io\/wp-content\/uploads\/2020\/09\/Capture-du2019e\u0301cran-2017-06-14-a\u0300-14.10.14.png\" alt=\"\" class=\"wp-image-2084\" width=\"385\" height=\"385\" srcset=\"http:\/\/tepsis.io\/wp-content\/uploads\/2020\/09\/Capture-du2019e\u0301cran-2017-06-14-a\u0300-14.10.14.png 214w, http:\/\/tepsis.io\/wp-content\/uploads\/2020\/09\/Capture-du2019e\u0301cran-2017-06-14-a\u0300-14.10.14-150x150.png 150w\" sizes=\"(max-width: 385px) 100vw, 385px\" \/><\/a><figcaption>Pour visualiser les terrains de recherche financ\u00e9s par le LabEx Tepsis, cliquez sur l\u2019image ci-dessus :<\/figcaption><\/figure><\/div>\n","protected":false},"excerpt":{"rendered":"<p>Le parcours doctoral TEPSIS a \u00e9t\u00e9 con\u00e7u d\u00e8s l\u2019origine comme une exp\u00e9rimentation visant \u00e0 compl\u00e9ter les formations doctorales d\u00e9livr\u00e9es par les ED de Sciences sociales de l\u2019EHESS et de science politique de Paris 1-Panth\u00e9on Sorbonne par la mise en place de dispositifs innovants s\u2019articulant \u00e9troitement aux formations existantes mais destin\u00e9s \u00e0 consid\u00e9rablement accro\u00eetre : L\u2019internationalisation [&hellip;]<\/p>\n","protected":false},"author":1,"featured_media":1813,"parent":0,"menu_order":0,"comment_status":"closed","ping_status":"closed","template":"templates\/template-full-width.php","meta":{"footnotes":""},"_links":{"self":[{"href":"http:\/\/tepsis.io\/index.php?rest_route=\/wp\/v2\/pages\/1770"}],"collection":[{"href":"http:\/\/tepsis.io\/index.php?rest_route=\/wp\/v2\/pages"}],"about":[{"href":"http:\/\/tepsis.io\/index.php?rest_route=\/wp\/v2\/types\/page"}],"author":[{"embeddable":true,"href":"http:\/\/tepsis.io\/index.php?rest_route=\/wp\/v2\/users\/1"}],"replies":[{"embeddable":true,"href":"http:\/\/tepsis.io\/index.php?rest_route=%2Fwp%2Fv2%2Fcomments&post=1770"}],"version-history":[{"count":5,"href":"http:\/\/tepsis.io\/index.php?rest_route=\/wp\/v2\/pages\/1770\/revisions"}],"predecessor-version":[{"id":2086,"href":"http:\/\/tepsis.io\/index.php?rest_route=\/wp\/v2\/pages\/1770\/revisions\/2086"}],"wp:featuredmedia":[{"embeddable":true,"href":"http:\/\/tepsis.io\/index.php?rest_route=\/wp\/v2\/media\/1813"}],"wp:attachment":[{"href":"http:\/\/tepsis.io\/index.php?rest_route=%2Fwp%2Fv2%2Fmedia&parent=1770"}],"curies":[{"name":"wp","href":"https:\/\/api.w.org\/{rel}","templated":true}]}}