{"id":1773,"date":"2020-07-24T10:21:57","date_gmt":"2020-07-24T08:21:57","guid":{"rendered":"https:\/\/tepsis.io\/?page_id=1773"},"modified":"2020-07-24T14:39:34","modified_gmt":"2020-07-24T12:39:34","slug":"diffusion","status":"publish","type":"page","link":"http:\/\/tepsis.io\/?page_id=1773","title":{"rendered":"Diffusion"},"content":{"rendered":"\n<p>Les actions de diffusion ont pour vocation de rendre accessible la recherche de haut niveau produite au sein du LabEx au plus large public gr\u00e2ce notamment \u00e0 la <a href=\"https:\/\/tepsis.io\/diffusion\/les-publications\/\">publication<\/a> d&rsquo;ouvrages ou \u00e0 la <a href=\"https:\/\/tepsis.io\/diffusion\/les-traductions\/\">traduction<\/a> d&rsquo;ouvrages, de chapitres d&rsquo;ouvrages et d&rsquo;articles scientifiques.<\/p>\n\n\n\n<p><\/p>\n\n\n\n<p><\/p>\n","protected":false},"excerpt":{"rendered":"<p>Les actions de diffusion ont pour vocation de rendre accessible la recherche de haut niveau produite au sein du LabEx au plus large public gr\u00e2ce notamment \u00e0 la publication d&rsquo;ouvrages ou \u00e0 la traduction d&rsquo;ouvrages, de chapitres d&rsquo;ouvrages et d&rsquo;articles scientifiques.<\/p>\n","protected":false},"author":1,"featured_media":1835,"parent":0,"menu_order":0,"comment_status":"closed","ping_status":"closed","template":"templates\/template-full-width.php","meta":{"footnotes":""},"_links":{"self":[{"href":"http:\/\/tepsis.io\/index.php?rest_route=\/wp\/v2\/pages\/1773"}],"collection":[{"href":"http:\/\/tepsis.io\/index.php?rest_route=\/wp\/v2\/pages"}],"about":[{"href":"http:\/\/tepsis.io\/index.php?rest_route=\/wp\/v2\/types\/page"}],"author":[{"embeddable":true,"href":"http:\/\/tepsis.io\/index.php?rest_route=\/wp\/v2\/users\/1"}],"replies":[{"embeddable":true,"href":"http:\/\/tepsis.io\/index.php?rest_route=%2Fwp%2Fv2%2Fcomments&post=1773"}],"version-history":[{"count":4,"href":"http:\/\/tepsis.io\/index.php?rest_route=\/wp\/v2\/pages\/1773\/revisions"}],"predecessor-version":[{"id":1841,"href":"http:\/\/tepsis.io\/index.php?rest_route=\/wp\/v2\/pages\/1773\/revisions\/1841"}],"wp:featuredmedia":[{"embeddable":true,"href":"http:\/\/tepsis.io\/index.php?rest_route=\/wp\/v2\/media\/1835"}],"wp:attachment":[{"href":"http:\/\/tepsis.io\/index.php?rest_route=%2Fwp%2Fv2%2Fmedia&parent=1773"}],"curies":[{"name":"wp","href":"https:\/\/api.w.org\/{rel}","templated":true}]}}