{"id":1777,"date":"2020-07-24T10:26:43","date_gmt":"2020-07-24T08:26:43","guid":{"rendered":"https:\/\/tepsis.io\/?page_id=1777"},"modified":"2022-08-04T15:18:47","modified_gmt":"2022-08-04T13:18:47","slug":"parcours-dexcellence","status":"publish","type":"page","link":"http:\/\/tepsis.io\/?page_id=1777","title":{"rendered":"Parcours d&rsquo;excellence"},"content":{"rendered":"\n<p>Jusqu&rsquo;en 2021*, le LabEx mettait tous les ans au concours des contrats doctoraux en lan\u00e7ant un appel d\u2019offre largement diffus\u00e9 \u00e0 l\u2019int\u00e9rieur du p\u00e9rim\u00e8tre de TEPSIS. En plus de leurs trois ann\u00e9es financ\u00e9es par le LabEx, les laur\u00e9ats b\u00e9n\u00e9ficient de plein droit de tous les dispositifs innovants du parcours d\u2019excellence.<\/p>\n\n\n\n<p>Fort de ces 15 unit\u00e9s de recherche pluri et multidisciplinaires couvrant la majorit\u00e9 des aires culturelles, et du centre de formation des journalistes, TEPSIS n\u2019a jamais eu vocation \u00e0 privil\u00e9gier une approche disciplinaire ou territoriale et encore moins \u00e0 repr\u00e9senter un courant th\u00e9orique sp\u00e9cifique. A l\u2019inverse, la pluridisciplinarit\u00e9 y est essentielle, comme le sont le comparatisme entre les aires culturelles et la pluralit\u00e9 des conceptions th\u00e9oriques. La formation des futurs docteurs de TEPSIS s\u2019inscrit d\u00e8s les premi\u00e8res ann\u00e9es dans cette perspective pluridisciplinaire et comparatiste : chaque doctorant devant suivre au moins deux s\u00e9minaires disciplinaires diff\u00e9rents et une sp\u00e9cialisation sur une aire culturelle.<\/p>\n\n\n\n<p>Devant le succ\u00e8s remport\u00e9 par ces nouveaux dispositifs, le comit\u00e9 de direction du LabEx a pris la d\u00e9cision d\u2019ouvrir aux autres doctorants membre d\u2019une <a href=\"https:\/\/tepsis.io\/a-propos-de\/\">UMR du LabEx<\/a> la possibilit\u00e9 de rejoindre l\u2019un ou l\u2019autre de ces dispositifs (sur proposition du directeur de th\u00e8se suivi d\u2019un vote en <a href=\"https:\/\/tepsis.io\/gouvernance\/\">Comit\u00e9 de direction<\/a> du LabEx).<\/p>\n\n\n\n<blockquote class=\"wp-block-quote\"><p>Depuis sa cr\u00e9ation, le LabEx TEPSIS a financ\u00e9 32 contrats doctoraux de trois ann\u00e9es.<\/p><p>* <em>En 2022, le LabEx TEPSIS n&rsquo;ouvrira pas de recrutement doctoral.<\/em><\/p><\/blockquote>\n\n\n\n<div class=\"wp-block-group is-layout-flow wp-block-group-is-layout-flow\"><div class=\"wp-block-group__inner-container\">\n<div class=\"wp-block-file\"><a href=\"https:\/\/tepsis.io\/wp-content\/uploads\/2020\/10\/ContratsDoctoraux.pdf\">Les contrats doctoraux financ\u00e9s par le LabEx TEPSIS<\/a><a href=\"https:\/\/tepsis.io\/wp-content\/uploads\/2020\/10\/ContratsDoctoraux.pdf\" class=\"wp-block-file__button\" download>T\u00e9l\u00e9charger<\/a><\/div>\n<\/div><\/div>\n\n\n\n<div class=\"wp-block-buttons is-content-justification-center is-layout-flex wp-block-buttons-is-layout-flex\">\n<div class=\"wp-block-button\"><a class=\"wp-block-button__link has-text-color\" href=\"https:\/\/tepsis.io\/?page_id=2142\" style=\"color:#ffffff\" target=\"_blank\" rel=\"noreferrer noopener\">Laur\u00e9at\u00b7es 2020<\/a><\/div>\n\n\n\n<div class=\"wp-block-button\"><a class=\"wp-block-button__link\" href=\"https:\/\/tepsis.io\/?page_id=2343\" target=\"_blank\" rel=\"noreferrer noopener\">Laur\u00e9at\u00b7es 2021<\/a><\/div>\n<\/div>\n\n\n\n<p><\/p>\n","protected":false},"excerpt":{"rendered":"<p>Jusqu&rsquo;en 2021*, le LabEx mettait tous les ans au concours des contrats doctoraux en lan\u00e7ant un appel d\u2019offre largement diffus\u00e9 \u00e0 l\u2019int\u00e9rieur du p\u00e9rim\u00e8tre de TEPSIS. En plus de leurs trois ann\u00e9es financ\u00e9es par le LabEx, les laur\u00e9ats b\u00e9n\u00e9ficient de plein droit de tous les dispositifs innovants du parcours d\u2019excellence. Fort de ces 15 unit\u00e9s [&hellip;]<\/p>\n","protected":false},"author":1,"featured_media":1780,"parent":1770,"menu_order":0,"comment_status":"closed","ping_status":"closed","template":"templates\/template-full-width.php","meta":{"footnotes":""},"_links":{"self":[{"href":"http:\/\/tepsis.io\/index.php?rest_route=\/wp\/v2\/pages\/1777"}],"collection":[{"href":"http:\/\/tepsis.io\/index.php?rest_route=\/wp\/v2\/pages"}],"about":[{"href":"http:\/\/tepsis.io\/index.php?rest_route=\/wp\/v2\/types\/page"}],"author":[{"embeddable":true,"href":"http:\/\/tepsis.io\/index.php?rest_route=\/wp\/v2\/users\/1"}],"replies":[{"embeddable":true,"href":"http:\/\/tepsis.io\/index.php?rest_route=%2Fwp%2Fv2%2Fcomments&post=1777"}],"version-history":[{"count":12,"href":"http:\/\/tepsis.io\/index.php?rest_route=\/wp\/v2\/pages\/1777\/revisions"}],"predecessor-version":[{"id":2513,"href":"http:\/\/tepsis.io\/index.php?rest_route=\/wp\/v2\/pages\/1777\/revisions\/2513"}],"up":[{"embeddable":true,"href":"http:\/\/tepsis.io\/index.php?rest_route=\/wp\/v2\/pages\/1770"}],"wp:featuredmedia":[{"embeddable":true,"href":"http:\/\/tepsis.io\/index.php?rest_route=\/wp\/v2\/media\/1780"}],"wp:attachment":[{"href":"http:\/\/tepsis.io\/index.php?rest_route=%2Fwp%2Fv2%2Fmedia&parent=1777"}],"curies":[{"name":"wp","href":"https:\/\/api.w.org\/{rel}","templated":true}]}}